{"id":31019,"date":"2023-11-23T14:19:49","date_gmt":"2023-11-23T12:19:49","guid":{"rendered":"https:\/\/woodmax.ee\/toode\/hund-libahunt\/"},"modified":"2025-09-01T14:13:36","modified_gmt":"2025-09-01T12:13:36","slug":"susi-ihmissusi","status":"publish","type":"product","link":"https:\/\/woodmax.ee\/fi\/tuote\/susi-ihmissusi\/","title":{"rendered":"Susi. Ihmissusi."},"content":{"rendered":"<p><span style=\"margin: 0px; color: #1d2236; font-family: 'Century Gothic', sans-serif; font-size: 15px; letter-spacing: 0.375px;\" data-mce-fragment=\"1\">Koko: Hund 1: 237 x 246 mm, Hund 2: 237 x 246 mm &#8211; 170 kpl &#8211; keskitasoinen monimutkaisuus (3\/5)<\/span><br style=\"margin: 0px; color: #1d2236; font-family: 'Century Gothic', sans-serif; font-size: 15px; letter-spacing: 0.375px;\" data-mce-fragment=\"1\" \/><span style=\"margin: 0px; color: #1d2236; font-family: 'Century Gothic', sans-serif; font-size: 15px; letter-spacing: 0.375px;\" data-mce-fragment=\"1\">(laatikon teksti on ven\u00e4j\u00e4ksi)<\/span><br style=\"margin: 0px; color: #1d2236; font-family: 'Century Gothic', sans-serif; font-size: 15px; letter-spacing: 0.375px;\" data-mce-fragment=\"1\" \/><br style=\"margin: 0px; color: #1d2236; font-family: 'Century Gothic', sans-serif; font-size: 15px; letter-spacing: 0.375px;\" data-mce-fragment=\"1\" \/><span style=\"margin: 0px; color: #1d2236; font-family: 'Century Gothic', sans-serif; font-size: 15px; letter-spacing: 0.375px;\" data-mce-fragment=\"1\">VAROITUS! Pienet osat &#8211; tukehtumisvaara! S\u00e4ilyt\u00e4 kuivassa paikassa.<\/span><\/p>\n","protected":false},"excerpt":{"rendered":"<p>Koko: Hund 1: 237 x 246 mm, Hund 2: 237 x 246 mm &#8211; 170 kpl &#8211; keskitasoinen monimutkaisuus (3\/5)(laatikon teksti on ven\u00e4j\u00e4ksi)VAROITUS! Pienet osat &#8211; tukehtumisvaara! S\u00e4ilyt\u00e4 kuivassa paikassa.<\/p>\n","protected":false},"featured_media":31026,"template":"","meta":{"_seopress_robots_primary_cat":"none","_seopress_titles_title":"%%post_title%% puinen palapeli (Davici)","_seopress_titles_desc":"","_seopress_robots_index":"","_gspb_post_css":""},"product_brand":[],"product_cat":[633,636,517],"product_tag":[554,642],"class_list":{"0":"post-31019","1":"product","2":"type-product","3":"status-publish","4":"has-post-thumbnail","6":"product_cat-davici-palapelit","7":"product_cat-davici-elaimet","8":"product_cat-kaikki-arvoitukset","9":"product_tag-101-200-fi","10":"product_tag-hunt-fi","12":"first","13":"instock","14":"taxable","15":"shipping-taxable","16":"purchasable","17":"product-type-simple"},"_links":{"self":[{"href":"https:\/\/woodmax.ee\/fi\/wp-json\/wp\/v2\/product\/31019","targetHints":{"allow":["GET"]}}],"collection":[{"href":"https:\/\/woodmax.ee\/fi\/wp-json\/wp\/v2\/product"}],"about":[{"href":"https:\/\/woodmax.ee\/fi\/wp-json\/wp\/v2\/types\/product"}],"wp:featuredmedia":[{"embeddable":true,"href":"https:\/\/woodmax.ee\/fi\/wp-json\/wp\/v2\/media\/31026"}],"wp:attachment":[{"href":"https:\/\/woodmax.ee\/fi\/wp-json\/wp\/v2\/media?parent=31019"}],"wp:term":[{"taxonomy":"product_brand","embeddable":true,"href":"https:\/\/woodmax.ee\/fi\/wp-json\/wp\/v2\/product_brand?post=31019"},{"taxonomy":"product_cat","embeddable":true,"href":"https:\/\/woodmax.ee\/fi\/wp-json\/wp\/v2\/product_cat?post=31019"},{"taxonomy":"product_tag","embeddable":true,"href":"https:\/\/woodmax.ee\/fi\/wp-json\/wp\/v2\/product_tag?post=31019"}],"curies":[{"name":"wp","href":"https:\/\/api.w.org\/{rel}","templated":true}]}}