{"id":31076,"date":"2023-11-23T14:24:55","date_gmt":"2023-11-23T12:24:55","guid":{"rendered":"https:\/\/woodmax.ee\/toode\/sakura\/"},"modified":"2025-09-01T09:22:00","modified_gmt":"2025-09-01T07:22:00","slug":"sakura","status":"publish","type":"product","link":"https:\/\/woodmax.ee\/fi\/tuote\/sakura\/","title":{"rendered":"Sakura"},"content":{"rendered":"<ul>\n<li><strong>Koko Small (S) &#8211; 26&#215;13 cm<\/strong> &#8211; 125 kappaletta &#8211; keskivertoa monimutkaisempi, kokoamisaika 1-2 tuntia.<\/li>\n<li><strong>Koko Medium (M) &#8211; 31&#215;23 cm<\/strong> &#8211; 250 kappaletta &#8211; keskivaikea, kokoamisaika 2-4 tuntia.<\/li>\n<li><strong>Koko King (KS) &#8211; 43&#215;30 cm<\/strong> &#8211; 500 kpl &#8211; eritt\u00e4in monimutkainen, kokoonpanoaika 4-6 tuntia.<\/li>\n<\/ul>\n<p>Se ei ole vain palapeli &#8211; se on puinen palapeli! T\u00e4m\u00e4 j\u00e4nnitt\u00e4v\u00e4 peli sopii koululaisille ja aikuisille.<\/p>\n<p>Ik\u00e4suositus: 14+.<br \/>\nS\u00e4ilyt\u00e4 kuivassa paikassa. VAROITUS! Pienet osat &#8211; tukehtumisvaara!<\/p>\n","protected":false},"excerpt":{"rendered":"<p>Koko Small (S) &#8211; 26&#215;13 cm &#8211; 125 kappaletta &#8211; keskivertoa monimutkaisempi, kokoamisaika 1-2 tuntia. Koko Medium (M) &#8211; 31&#215;23 cm &#8211; 250 kappaletta &#8211; keskivaikea, kokoamisaika 2-4 tuntia. Koko King (KS) &#8211; 43&#215;30 cm &#8211; 500 kpl &#8211; eritt\u00e4in monimutkainen, kokoonpanoaika 4-6 tuntia. Se ei ole vain palapeli &#8211; se on puinen palapeli! T\u00e4m\u00e4 [&hellip;]<\/p>\n","protected":false},"featured_media":31084,"template":"","meta":{"_seopress_robots_primary_cat":"none","_seopress_titles_title":"%%post_title%% puinen palapeli (Unidragon)","_seopress_titles_desc":"","_seopress_robots_index":"","_gspb_post_css":""},"product_brand":[],"product_cat":[517,567,552],"product_tag":[582,676,594],"class_list":{"0":"post-31076","1":"product","2":"type-product","3":"status-publish","4":"has-post-thumbnail","6":"product_cat-kaikki-arvoitukset","7":"product_cat-luonto-fi","8":"product_cat-unidragon-palapelit","9":"product_tag-japani","10":"product_tag-luonto","11":"product_tag-sakura-fi","13":"first","14":"instock","15":"taxable","16":"shipping-taxable","17":"purchasable","18":"product-type-variable"},"_links":{"self":[{"href":"https:\/\/woodmax.ee\/fi\/wp-json\/wp\/v2\/product\/31076","targetHints":{"allow":["GET"]}}],"collection":[{"href":"https:\/\/woodmax.ee\/fi\/wp-json\/wp\/v2\/product"}],"about":[{"href":"https:\/\/woodmax.ee\/fi\/wp-json\/wp\/v2\/types\/product"}],"wp:featuredmedia":[{"embeddable":true,"href":"https:\/\/woodmax.ee\/fi\/wp-json\/wp\/v2\/media\/31084"}],"wp:attachment":[{"href":"https:\/\/woodmax.ee\/fi\/wp-json\/wp\/v2\/media?parent=31076"}],"wp:term":[{"taxonomy":"product_brand","embeddable":true,"href":"https:\/\/woodmax.ee\/fi\/wp-json\/wp\/v2\/product_brand?post=31076"},{"taxonomy":"product_cat","embeddable":true,"href":"https:\/\/woodmax.ee\/fi\/wp-json\/wp\/v2\/product_cat?post=31076"},{"taxonomy":"product_tag","embeddable":true,"href":"https:\/\/woodmax.ee\/fi\/wp-json\/wp\/v2\/product_tag?post=31076"}],"curies":[{"name":"wp","href":"https:\/\/api.w.org\/{rel}","templated":true}]}}