{"id":31154,"date":"2023-11-23T14:28:41","date_gmt":"2023-11-23T12:28:41","guid":{"rendered":"https:\/\/woodmax.ee\/toode\/sadelev-kilpkonn\/"},"modified":"2025-09-01T09:21:28","modified_gmt":"2025-09-01T07:21:28","slug":"sateileva-kilpikonna","status":"publish","type":"product","link":"https:\/\/woodmax.ee\/fi\/tuote\/sateileva-kilpikonna\/","title":{"rendered":"S\u00e4teilev\u00e4 kilpikonna"},"content":{"rendered":"<ul>\n<li><strong>Koko Medium (M) &#8211; 30&#215;22 cm<\/strong> &#8211; 250 kpl &#8211; keskivaikea, kokoamisaika 2-4 tuntia.<\/li>\n<li><strong>Koko King (KS) &#8211; 38&#215;28 cm<\/strong> &#8211; 500 kpl &#8211; eritt\u00e4in monimutkainen, kokoonpanoaika 4-6 tuntia.<\/li>\n<li><strong>Koko Royal (RS) &#8211; 60&#215;44 cm<\/strong> &#8211; 1000 kappaletta &#8211; eritt\u00e4in monimutkainen, kokoamisaika 6-8 tuntia.<\/li>\n<\/ul>\n<p>Se ei ole vain palapeli &#8211; se on puinen palapeli! T\u00e4m\u00e4 j\u00e4nnitt\u00e4v\u00e4 peli sopii koululaisille ja aikuisille.<\/p>\n<p>Ik\u00e4suositus: 14+.<br \/>\nS\u00e4ilyt\u00e4 kuivassa paikassa. VAROITUS! Pienet osat &#8211; tukehtumisvaara!<\/p>\n","protected":false},"excerpt":{"rendered":"<p>Koko Medium (M) &#8211; 30&#215;22 cm &#8211; 250 kpl &#8211; keskivaikea, kokoamisaika 2-4 tuntia. Koko King (KS) &#8211; 38&#215;28 cm &#8211; 500 kpl &#8211; eritt\u00e4in monimutkainen, kokoonpanoaika 4-6 tuntia. Koko Royal (RS) &#8211; 60&#215;44 cm &#8211; 1000 kappaletta &#8211; eritt\u00e4in monimutkainen, kokoamisaika 6-8 tuntia. Se ei ole vain palapeli &#8211; se on puinen palapeli! T\u00e4m\u00e4 [&hellip;]<\/p>\n","protected":false},"featured_media":31155,"template":"","meta":{"_seopress_robots_primary_cat":"none","_seopress_titles_title":"%%post_title%% puinen palapeli (Unidragon)","_seopress_titles_desc":"","_seopress_robots_index":"","_gspb_post_css":""},"product_brand":[],"product_cat":[517,552,677],"product_tag":[565,522,566,534,667,536,535],"class_list":{"0":"post-31154","1":"product","2":"type-product","3":"status-publish","4":"has-post-thumbnail","6":"product_cat-kaikki-arvoitukset","7":"product_cat-unidragon-palapelit","8":"product_cat-woosaic-fi","9":"product_tag-1000-fi","10":"product_tag-201-300-fi","11":"product_tag-401-500-fi","12":"product_tag-kala-fi","13":"product_tag-kilpi","14":"product_tag-sea","15":"product_tag-valtameri","17":"first","18":"instock","19":"taxable","20":"shipping-taxable","21":"purchasable","22":"product-type-variable"},"_links":{"self":[{"href":"https:\/\/woodmax.ee\/fi\/wp-json\/wp\/v2\/product\/31154","targetHints":{"allow":["GET"]}}],"collection":[{"href":"https:\/\/woodmax.ee\/fi\/wp-json\/wp\/v2\/product"}],"about":[{"href":"https:\/\/woodmax.ee\/fi\/wp-json\/wp\/v2\/types\/product"}],"wp:featuredmedia":[{"embeddable":true,"href":"https:\/\/woodmax.ee\/fi\/wp-json\/wp\/v2\/media\/31155"}],"wp:attachment":[{"href":"https:\/\/woodmax.ee\/fi\/wp-json\/wp\/v2\/media?parent=31154"}],"wp:term":[{"taxonomy":"product_brand","embeddable":true,"href":"https:\/\/woodmax.ee\/fi\/wp-json\/wp\/v2\/product_brand?post=31154"},{"taxonomy":"product_cat","embeddable":true,"href":"https:\/\/woodmax.ee\/fi\/wp-json\/wp\/v2\/product_cat?post=31154"},{"taxonomy":"product_tag","embeddable":true,"href":"https:\/\/woodmax.ee\/fi\/wp-json\/wp\/v2\/product_tag?post=31154"}],"curies":[{"name":"wp","href":"https:\/\/api.w.org\/{rel}","templated":true}]}}