{"id":31255,"date":"2023-11-23T14:32:40","date_gmt":"2023-11-23T12:32:40","guid":{"rendered":"https:\/\/woodmax.ee\/toode\/salaparane-lovi\/"},"modified":"2025-09-01T09:20:32","modified_gmt":"2025-09-01T07:20:32","slug":"salaperainen-leijona","status":"publish","type":"product","link":"https:\/\/woodmax.ee\/fi\/tuote\/salaperainen-leijona\/","title":{"rendered":"Salaper\u00e4inen leijona"},"content":{"rendered":"<ul>\n<li><strong>Koko Small (S) &#8211; 19&#215;24 cm<\/strong> &#8211; 106 kappaletta &#8211; keskivertoa monimutkaisempi, kokoamisaika 1-2 tuntia.<\/li>\n<li><strong>Koko Medium (M) &#8211; 24&#215;31 cm<\/strong> &#8211; 192 kappaletta &#8211; keskivaikea, kokoamisaika 2-4 tuntia.<\/li>\n<li><strong>Koko King (KS) &#8211; 31&#215;40 cm<\/strong> &#8211; 327 kappaletta &#8211; eritt\u00e4in monimutkainen, kokoonpanoaika 4-6 tuntia.<\/li>\n<li><strong>Koko Royal (RS) &#8211; 43&#215;56 cm<\/strong> &#8211; 700 kappaletta &#8211; eritt\u00e4in monimutkainen, kokoamisaika 6-8 tuntia.<\/li>\n<\/ul>\n<p>Se ei ole vain palapeli &#8211; se on puinen palapeli! T\u00e4m\u00e4 j\u00e4nnitt\u00e4v\u00e4 peli sopii koululaisille ja aikuisille.<\/p>\n<p>Ik\u00e4suositus: 14+.<br \/>\nS\u00e4ilyt\u00e4 kuivassa paikassa. VAROITUS! Pienet osat &#8211; tukehtumisvaara!<\/p>\n","protected":false},"excerpt":{"rendered":"<p>Koko Small (S) &#8211; 19&#215;24 cm &#8211; 106 kappaletta &#8211; keskivertoa monimutkaisempi, kokoamisaika 1-2 tuntia. Koko Medium (M) &#8211; 24&#215;31 cm &#8211; 192 kappaletta &#8211; keskivaikea, kokoamisaika 2-4 tuntia. Koko King (KS) &#8211; 31&#215;40 cm &#8211; 327 kappaletta &#8211; eritt\u00e4in monimutkainen, kokoonpanoaika 4-6 tuntia. Koko Royal (RS) &#8211; 43&#215;56 cm &#8211; 700 kappaletta &#8211; eritt\u00e4in [&hellip;]<\/p>\n","protected":false},"featured_media":31257,"template":"","meta":{"_seopress_robots_primary_cat":"none","_seopress_titles_title":"%%post_title%% puinen palapeli (Unidragon)","_seopress_titles_desc":"","_seopress_robots_index":"","_gspb_post_css":""},"product_brand":[],"product_cat":[632,517,552],"product_tag":[554,555,556,544],"class_list":{"0":"post-31255","1":"product","2":"type-product","3":"status-publish","4":"has-post-thumbnail","6":"product_cat-elaimet","7":"product_cat-kaikki-arvoitukset","8":"product_cat-unidragon-palapelit","9":"product_tag-101-200-fi","10":"product_tag-301-400-fi","11":"product_tag-501-999-fi","12":"product_tag-leijona","14":"first","15":"instock","16":"taxable","17":"shipping-taxable","18":"purchasable","19":"product-type-variable"},"_links":{"self":[{"href":"https:\/\/woodmax.ee\/fi\/wp-json\/wp\/v2\/product\/31255","targetHints":{"allow":["GET"]}}],"collection":[{"href":"https:\/\/woodmax.ee\/fi\/wp-json\/wp\/v2\/product"}],"about":[{"href":"https:\/\/woodmax.ee\/fi\/wp-json\/wp\/v2\/types\/product"}],"wp:featuredmedia":[{"embeddable":true,"href":"https:\/\/woodmax.ee\/fi\/wp-json\/wp\/v2\/media\/31257"}],"wp:attachment":[{"href":"https:\/\/woodmax.ee\/fi\/wp-json\/wp\/v2\/media?parent=31255"}],"wp:term":[{"taxonomy":"product_brand","embeddable":true,"href":"https:\/\/woodmax.ee\/fi\/wp-json\/wp\/v2\/product_brand?post=31255"},{"taxonomy":"product_cat","embeddable":true,"href":"https:\/\/woodmax.ee\/fi\/wp-json\/wp\/v2\/product_cat?post=31255"},{"taxonomy":"product_tag","embeddable":true,"href":"https:\/\/woodmax.ee\/fi\/wp-json\/wp\/v2\/product_tag?post=31255"}],"curies":[{"name":"wp","href":"https:\/\/api.w.org\/{rel}","templated":true}]}}