{"id":31284,"date":"2023-11-23T14:36:32","date_gmt":"2023-11-23T12:36:32","guid":{"rendered":"https:\/\/woodmax.ee\/toode\/joukas-harg\/"},"modified":"2025-09-01T09:19:10","modified_gmt":"2025-09-01T07:19:10","slug":"vauras-sonni","status":"publish","type":"product","link":"https:\/\/woodmax.ee\/fi\/tuote\/vauras-sonni\/","title":{"rendered":"Vauras sonni"},"content":{"rendered":"<ul>\n<li><strong>Koko Small (S) &#8211; 19&#215;22 cm<\/strong> &#8211; 102 kappaletta &#8211; keskivertoa monimutkaisempi, kokoamisaika 1-2 tuntia.<\/li>\n<li><strong>Koko Medium (M) &#8211; 25&#215;29 cm<\/strong> &#8211; 211 kpl &#8211; keskivaikea, kokoamisaika 2-4 tuntia.<\/li>\n<li><strong>Koko King (KS) &#8211; 31&#215;35 cm<\/strong> &#8211; 298 kappaletta &#8211; eritt\u00e4in monimutkainen, kokoonpanoaika 4-6 tuntia.<\/li>\n<\/ul>\n<p>Se ei ole vain palapeli &#8211; se on puinen palapeli! T\u00e4m\u00e4 j\u00e4nnitt\u00e4v\u00e4 peli sopii koululaisille ja aikuisille.<\/p>\n<p>Ik\u00e4suositus: 14+.<br \/>\nS\u00e4ilyt\u00e4 kuivassa paikassa. VAROITUS! Pienet osat &#8211; tukehtumisvaara!<\/p>\n","protected":false},"excerpt":{"rendered":"<p>Koko Small (S) &#8211; 19&#215;22 cm &#8211; 102 kappaletta &#8211; keskivertoa monimutkaisempi, kokoamisaika 1-2 tuntia. Koko Medium (M) &#8211; 25&#215;29 cm &#8211; 211 kpl &#8211; keskivaikea, kokoamisaika 2-4 tuntia. Koko King (KS) &#8211; 31&#215;35 cm &#8211; 298 kappaletta &#8211; eritt\u00e4in monimutkainen, kokoonpanoaika 4-6 tuntia. Se ei ole vain palapeli &#8211; se on puinen palapeli! T\u00e4m\u00e4 [&hellip;]<\/p>\n","protected":false},"featured_media":31286,"template":"","meta":{"_seopress_robots_primary_cat":"none","_seopress_titles_title":"%%post_title%% puinen palapeli (Unidragon)","_seopress_titles_desc":"","_seopress_robots_index":"","_gspb_post_css":""},"product_brand":[],"product_cat":[632,517,552],"product_tag":[554,522,684,685,683],"class_list":{"0":"post-31284","1":"product","2":"type-product","3":"status-publish","4":"has-post-thumbnail","6":"product_cat-elaimet","7":"product_cat-kaikki-arvoitukset","8":"product_cat-unidragon-palapelit","9":"product_tag-101-200-fi","10":"product_tag-201-300-fi","11":"product_tag-bull","12":"product_tag-rahaa","13":"product_tag-veda","15":"first","16":"instock","17":"taxable","18":"shipping-taxable","19":"purchasable","20":"product-type-variable"},"_links":{"self":[{"href":"https:\/\/woodmax.ee\/fi\/wp-json\/wp\/v2\/product\/31284","targetHints":{"allow":["GET"]}}],"collection":[{"href":"https:\/\/woodmax.ee\/fi\/wp-json\/wp\/v2\/product"}],"about":[{"href":"https:\/\/woodmax.ee\/fi\/wp-json\/wp\/v2\/types\/product"}],"wp:featuredmedia":[{"embeddable":true,"href":"https:\/\/woodmax.ee\/fi\/wp-json\/wp\/v2\/media\/31286"}],"wp:attachment":[{"href":"https:\/\/woodmax.ee\/fi\/wp-json\/wp\/v2\/media?parent=31284"}],"wp:term":[{"taxonomy":"product_brand","embeddable":true,"href":"https:\/\/woodmax.ee\/fi\/wp-json\/wp\/v2\/product_brand?post=31284"},{"taxonomy":"product_cat","embeddable":true,"href":"https:\/\/woodmax.ee\/fi\/wp-json\/wp\/v2\/product_cat?post=31284"},{"taxonomy":"product_tag","embeddable":true,"href":"https:\/\/woodmax.ee\/fi\/wp-json\/wp\/v2\/product_tag?post=31284"}],"curies":[{"name":"wp","href":"https:\/\/api.w.org\/{rel}","templated":true}]}}