{"id":31285,"date":"2023-11-23T14:33:34","date_gmt":"2023-11-23T12:33:34","guid":{"rendered":"https:\/\/woodmax.ee\/toode\/valvav-draakon\/"},"modified":"2025-09-01T09:20:20","modified_gmt":"2025-09-01T07:20:20","slug":"katsova-lohikaarme","status":"publish","type":"product","link":"https:\/\/woodmax.ee\/fi\/tuote\/katsova-lohikaarme\/","title":{"rendered":"Katsova lohik\u00e4\u00e4rme"},"content":{"rendered":"<ul>\n<li><strong>Koko Small (S) &#8211; 16&#215;26 cm<\/strong> &#8211; 97 kpl &#8211; keskivertoa monimutkaisempi, kokoonpanoaika 1-2 tuntia.<\/li>\n<li><strong>Koko Medium (M) &#8211; 21&#215;33 cm<\/strong> &#8211; 183 kpl &#8211; keskivaikea, kokoamisaika 2-4 tuntia.<\/li>\n<li><strong>Koko King (KS) &#8211; 27&#215;44 cm<\/strong> &#8211; 330 kpl &#8211; eritt\u00e4in monimutkainen, kokoonpanoaika 4-6 tuntia.<\/li>\n<li><strong>Koko Royal (RS) &#8211; 36&#215;61 cm<\/strong> &#8211; 700 kappaletta &#8211; eritt\u00e4in monimutkainen, kokoamisaika 6-8 tuntia.<\/li>\n<\/ul>\n<p>Se ei ole vain palapeli &#8211; se on puinen palapeli! T\u00e4m\u00e4 j\u00e4nnitt\u00e4v\u00e4 peli sopii koululaisille ja aikuisille.<\/p>\n<p>Ik\u00e4suositus: 14+.<br \/>\nS\u00e4ilyt\u00e4 kuivassa paikassa. VAROITUS! Pienet osat &#8211; tukehtumisvaara!<\/p>\n","protected":false},"excerpt":{"rendered":"<p>Koko Small (S) &#8211; 16&#215;26 cm &#8211; 97 kpl &#8211; keskivertoa monimutkaisempi, kokoonpanoaika 1-2 tuntia. Koko Medium (M) &#8211; 21&#215;33 cm &#8211; 183 kpl &#8211; keskivaikea, kokoamisaika 2-4 tuntia. Koko King (KS) &#8211; 27&#215;44 cm &#8211; 330 kpl &#8211; eritt\u00e4in monimutkainen, kokoonpanoaika 4-6 tuntia. Koko Royal (RS) &#8211; 36&#215;61 cm &#8211; 700 kappaletta &#8211; eritt\u00e4in [&hellip;]<\/p>\n","protected":false},"featured_media":31287,"template":"","meta":{"_seopress_robots_primary_cat":"none","_seopress_titles_title":"%%post_title%% puinen palapeli (Unidragon)","_seopress_titles_desc":"","_seopress_robots_index":"","_gspb_post_css":""},"product_brand":[],"product_cat":[529,632,517,611,552],"product_tag":[530,554,555,556,686,613],"class_list":{"0":"post-31285","1":"product","2":"type-product","3":"status-publish","4":"has-post-thumbnail","6":"product_cat-dinosaurus-ja-lohikaarme-royhelot","7":"product_cat-elaimet","8":"product_cat-kaikki-arvoitukset","9":"product_cat-symboli-2024","10":"product_cat-unidragon-palapelit","11":"product_tag-1-100-fi","12":"product_tag-101-200-fi","13":"product_tag-301-400-fi","14":"product_tag-501-999-fi","15":"product_tag-kulta","16":"product_tag-lohikaarme","18":"first","19":"instock","20":"taxable","21":"shipping-taxable","22":"purchasable","23":"product-type-variable"},"_links":{"self":[{"href":"https:\/\/woodmax.ee\/fi\/wp-json\/wp\/v2\/product\/31285","targetHints":{"allow":["GET"]}}],"collection":[{"href":"https:\/\/woodmax.ee\/fi\/wp-json\/wp\/v2\/product"}],"about":[{"href":"https:\/\/woodmax.ee\/fi\/wp-json\/wp\/v2\/types\/product"}],"wp:featuredmedia":[{"embeddable":true,"href":"https:\/\/woodmax.ee\/fi\/wp-json\/wp\/v2\/media\/31287"}],"wp:attachment":[{"href":"https:\/\/woodmax.ee\/fi\/wp-json\/wp\/v2\/media?parent=31285"}],"wp:term":[{"taxonomy":"product_brand","embeddable":true,"href":"https:\/\/woodmax.ee\/fi\/wp-json\/wp\/v2\/product_brand?post=31285"},{"taxonomy":"product_cat","embeddable":true,"href":"https:\/\/woodmax.ee\/fi\/wp-json\/wp\/v2\/product_cat?post=31285"},{"taxonomy":"product_tag","embeddable":true,"href":"https:\/\/woodmax.ee\/fi\/wp-json\/wp\/v2\/product_tag?post=31285"}],"curies":[{"name":"wp","href":"https:\/\/api.w.org\/{rel}","templated":true}]}}