{"id":31489,"date":"2023-11-23T14:45:47","date_gmt":"2023-11-23T12:45:47","guid":{"rendered":"https:\/\/woodmax.ee\/toode\/tritseeratops\/"},"modified":"2025-09-01T09:15:08","modified_gmt":"2025-09-01T07:15:08","slug":"tritseeratops","status":"publish","type":"product","link":"https:\/\/woodmax.ee\/fi\/tuote\/tritseeratops\/","title":{"rendered":"Tritseeratops"},"content":{"rendered":"<ul>\n<li><strong>Koko (A4) &#8211; 18,9&#215;26,7 cm<\/strong> <strong>&#8211; 100 kappaletta<\/strong> &#8211; alle keskinkertainen monimutkaisuus, kokoonpanoaika 1-2 tuntia.<\/li>\n<\/ul>\n<p>Se ei ole vain palapeli &#8211; se on puinen palapeli! T\u00e4m\u00e4 j\u00e4nnitt\u00e4v\u00e4 peli sopii koululaisille. Ik\u00e4suositus: 6+.<br \/>\nS\u00e4ilyt\u00e4 kuivassa paikassa. VAROITUS!<\/p>\n<p>Pienet osat &#8211; tukehtumisvaara.<\/p>\n","protected":false},"excerpt":{"rendered":"<p>Koko (A4) &#8211; 18,9&#215;26,7 cm &#8211; 100 kappaletta &#8211; alle keskinkertainen monimutkaisuus, kokoonpanoaika 1-2 tuntia. Se ei ole vain palapeli &#8211; se on puinen palapeli! T\u00e4m\u00e4 j\u00e4nnitt\u00e4v\u00e4 peli sopii koululaisille. Ik\u00e4suositus: 6+. S\u00e4ilyt\u00e4 kuivassa paikassa. VAROITUS! Pienet osat &#8211; tukehtumisvaara.<\/p>\n","protected":false},"featured_media":31491,"template":"","meta":{"_seopress_robots_primary_cat":"none","_seopress_titles_title":"%%post_title%% puinen palapeli (Unidragon)","_seopress_titles_desc":"","_seopress_robots_index":"","_gspb_post_css":""},"product_brand":[],"product_cat":[529,517,609,528,552],"product_tag":[530,531],"class_list":{"0":"post-31489","1":"product","2":"type-product","3":"status-publish","4":"has-post-thumbnail","6":"product_cat-dinosaurus-ja-lohikaarme-royhelot","7":"product_cat-kaikki-arvoitukset","8":"product_cat-lapsille","9":"product_cat-puiset-pusled-lapsille","10":"product_cat-unidragon-palapelit","11":"product_tag-1-100-fi","12":"product_tag-dinosaurukset","14":"first","15":"instock","16":"taxable","17":"shipping-taxable","18":"purchasable","19":"product-type-simple"},"_links":{"self":[{"href":"https:\/\/woodmax.ee\/fi\/wp-json\/wp\/v2\/product\/31489","targetHints":{"allow":["GET"]}}],"collection":[{"href":"https:\/\/woodmax.ee\/fi\/wp-json\/wp\/v2\/product"}],"about":[{"href":"https:\/\/woodmax.ee\/fi\/wp-json\/wp\/v2\/types\/product"}],"wp:featuredmedia":[{"embeddable":true,"href":"https:\/\/woodmax.ee\/fi\/wp-json\/wp\/v2\/media\/31491"}],"wp:attachment":[{"href":"https:\/\/woodmax.ee\/fi\/wp-json\/wp\/v2\/media?parent=31489"}],"wp:term":[{"taxonomy":"product_brand","embeddable":true,"href":"https:\/\/woodmax.ee\/fi\/wp-json\/wp\/v2\/product_brand?post=31489"},{"taxonomy":"product_cat","embeddable":true,"href":"https:\/\/woodmax.ee\/fi\/wp-json\/wp\/v2\/product_cat?post=31489"},{"taxonomy":"product_tag","embeddable":true,"href":"https:\/\/woodmax.ee\/fi\/wp-json\/wp\/v2\/product_tag?post=31489"}],"curies":[{"name":"wp","href":"https:\/\/api.w.org\/{rel}","templated":true}]}}