{"id":31530,"date":"2023-11-23T14:46:49","date_gmt":"2023-11-23T12:46:49","guid":{"rendered":"https:\/\/woodmax.ee\/toode\/quezzle-imeline-kapadookia-osa-1\/"},"modified":"2025-09-01T09:14:37","modified_gmt":"2025-09-01T07:14:37","slug":"quezzle-ihana-capadocia-osa-1","status":"publish","type":"product","link":"https:\/\/woodmax.ee\/fi\/tuote\/quezzle-ihana-capadocia-osa-1\/","title":{"rendered":"Quezzle Ihana Capadocia &#8211; Osa 1"},"content":{"rendered":"<p>250 v\u00e4rik\u00e4st\u00e4 palapelin palaa, 3D-rakentaja, useita miniteht\u00e4vi\u00e4 ja Quezzlen perusmekaniikka.<\/p>\n<ul class=\"light-list\">\n<li>250 kappaletta<\/li>\n<li>36 x 25 cm &#8211; 1 kpl<\/li>\n<li>3D hahmo &#8211; 1 kpl<\/li>\n<li>10 lis\u00e4teht\u00e4v\u00e4\u00e4<\/li>\n<li>1 sokkelo<\/li>\n<\/ul>\n<p>Quezzle vaiheet (teht\u00e4v\u00e4t) vain englanniksi ja ven\u00e4j\u00e4ksi.<\/p>\n","protected":false},"excerpt":{"rendered":"<p>250 v\u00e4rik\u00e4st\u00e4 palapelin palaa, 3D-rakentaja, useita miniteht\u00e4vi\u00e4 ja Quezzlen perusmekaniikka. 250 kappaletta 36 x 25 cm &#8211; 1 kpl 3D hahmo &#8211; 1 kpl 10 lis\u00e4teht\u00e4v\u00e4\u00e4 1 sokkelo Quezzle vaiheet (teht\u00e4v\u00e4t) vain englanniksi ja ven\u00e4j\u00e4ksi.<\/p>\n","protected":false},"featured_media":31539,"template":"","meta":{"_seopress_robots_primary_cat":"none","_seopress_titles_title":"%%post_title%% puinen palapeli (Unidragon)","_seopress_titles_desc":"","_seopress_robots_index":"","_gspb_post_css":""},"product_brand":[],"product_cat":[517,564,552],"product_tag":[522,583],"class_list":{"0":"post-31530","1":"product","2":"type-product","3":"status-publish","4":"has-post-thumbnail","6":"product_cat-kaikki-arvoitukset","7":"product_cat-quezzle-fi","8":"product_cat-unidragon-palapelit","9":"product_tag-201-300-fi","10":"product_tag-kuumailmapallo","12":"first","13":"instock","14":"sale","15":"taxable","16":"shipping-taxable","17":"purchasable","18":"product-type-simple"},"_links":{"self":[{"href":"https:\/\/woodmax.ee\/fi\/wp-json\/wp\/v2\/product\/31530","targetHints":{"allow":["GET"]}}],"collection":[{"href":"https:\/\/woodmax.ee\/fi\/wp-json\/wp\/v2\/product"}],"about":[{"href":"https:\/\/woodmax.ee\/fi\/wp-json\/wp\/v2\/types\/product"}],"wp:featuredmedia":[{"embeddable":true,"href":"https:\/\/woodmax.ee\/fi\/wp-json\/wp\/v2\/media\/31539"}],"wp:attachment":[{"href":"https:\/\/woodmax.ee\/fi\/wp-json\/wp\/v2\/media?parent=31530"}],"wp:term":[{"taxonomy":"product_brand","embeddable":true,"href":"https:\/\/woodmax.ee\/fi\/wp-json\/wp\/v2\/product_brand?post=31530"},{"taxonomy":"product_cat","embeddable":true,"href":"https:\/\/woodmax.ee\/fi\/wp-json\/wp\/v2\/product_cat?post=31530"},{"taxonomy":"product_tag","embeddable":true,"href":"https:\/\/woodmax.ee\/fi\/wp-json\/wp\/v2\/product_tag?post=31530"}],"curies":[{"name":"wp","href":"https:\/\/api.w.org\/{rel}","templated":true}]}}