{"id":31558,"date":"2023-11-23T14:46:50","date_gmt":"2023-11-23T12:46:50","guid":{"rendered":"https:\/\/woodmax.ee\/toode\/quezzle-imeline-kapadookia-osad-1-4\/"},"modified":"2025-09-01T09:14:16","modified_gmt":"2025-09-01T07:14:16","slug":"quezzle-ihana-kappadokia-osat-1-4","status":"publish","type":"product","link":"https:\/\/woodmax.ee\/fi\/tuote\/quezzle-ihana-kappadokia-osat-1-4\/","title":{"rendered":"Quezzle Ihana Kappadokia &#8211; Osat 1-4"},"content":{"rendered":"<ul>\n<li><strong>Taivaallisen lohik\u00e4\u00e4rmeen alue<\/strong><\/li>\n<li><strong>L\u00e4ntisten sivukatujen alue<\/strong><\/li>\n<li><strong>Pilvinen auringonlaskun alue<\/strong><\/li>\n<li><strong>It\u00e4inen neli\u00f6alue<\/strong><\/li>\n<\/ul>\n<p>Kaikki 4 osaa yhdess\u00e4 avaavat tarinan &#8211; 12-askeleen etsint\u00e4prosessi<\/p>\n<ul class=\"light-list\">\n<li>1000 kappaletta<\/li>\n<li>36 x 25 cm &#8211; 4 kpl<\/li>\n<li>3D hahmo &#8211; 4 kpl<\/li>\n<li>40 lis\u00e4teht\u00e4v\u00e4\u00e4<\/li>\n<li>6 sokkeloa<\/li>\n<li>6 minipalapeli\u00e4<\/li>\n<li>4 juonellista sokkeloa<\/li>\n<\/ul>\n<p>Quezzle vaiheet (teht\u00e4v\u00e4t) vain englanniksi ja ven\u00e4j\u00e4ksi.<\/p>\n","protected":false},"excerpt":{"rendered":"<p>Taivaallisen lohik\u00e4\u00e4rmeen alue L\u00e4ntisten sivukatujen alue Pilvinen auringonlaskun alue It\u00e4inen neli\u00f6alue Kaikki 4 osaa yhdess\u00e4 avaavat tarinan &#8211; 12-askeleen etsint\u00e4prosessi 1000 kappaletta 36 x 25 cm &#8211; 4 kpl 3D hahmo &#8211; 4 kpl 40 lis\u00e4teht\u00e4v\u00e4\u00e4 6 sokkeloa 6 minipalapeli\u00e4 4 juonellista sokkeloa Quezzle vaiheet (teht\u00e4v\u00e4t) vain englanniksi ja ven\u00e4j\u00e4ksi.<\/p>\n","protected":false},"featured_media":31560,"template":"","meta":{"_seopress_robots_primary_cat":"none","_seopress_titles_title":"%%post_title%% puinen palapeli (Unidragon)","_seopress_titles_desc":"","_seopress_robots_index":"","_gspb_post_css":""},"product_brand":[],"product_cat":[517,563,564,552],"product_tag":[565,583],"class_list":{"0":"post-31558","1":"product","2":"type-product","3":"status-publish","4":"has-post-thumbnail","6":"product_cat-kaikki-arvoitukset","7":"product_cat-premium-fi","8":"product_cat-quezzle-fi","9":"product_cat-unidragon-palapelit","10":"product_tag-1000-fi","11":"product_tag-kuumailmapallo","13":"first","14":"instock","15":"taxable","16":"shipping-taxable","17":"purchasable","18":"product-type-simple"},"_links":{"self":[{"href":"https:\/\/woodmax.ee\/fi\/wp-json\/wp\/v2\/product\/31558","targetHints":{"allow":["GET"]}}],"collection":[{"href":"https:\/\/woodmax.ee\/fi\/wp-json\/wp\/v2\/product"}],"about":[{"href":"https:\/\/woodmax.ee\/fi\/wp-json\/wp\/v2\/types\/product"}],"wp:featuredmedia":[{"embeddable":true,"href":"https:\/\/woodmax.ee\/fi\/wp-json\/wp\/v2\/media\/31560"}],"wp:attachment":[{"href":"https:\/\/woodmax.ee\/fi\/wp-json\/wp\/v2\/media?parent=31558"}],"wp:term":[{"taxonomy":"product_brand","embeddable":true,"href":"https:\/\/woodmax.ee\/fi\/wp-json\/wp\/v2\/product_brand?post=31558"},{"taxonomy":"product_cat","embeddable":true,"href":"https:\/\/woodmax.ee\/fi\/wp-json\/wp\/v2\/product_cat?post=31558"},{"taxonomy":"product_tag","embeddable":true,"href":"https:\/\/woodmax.ee\/fi\/wp-json\/wp\/v2\/product_tag?post=31558"}],"curies":[{"name":"wp","href":"https:\/\/api.w.org\/{rel}","templated":true}]}}