{"id":31646,"date":"2023-11-23T14:49:17","date_gmt":"2023-11-23T12:49:17","guid":{"rendered":"https:\/\/woodmax.ee\/toode\/janes-thomas\/"},"modified":"2025-09-01T09:09:22","modified_gmt":"2025-09-01T07:09:22","slug":"thomas-hanhi","status":"publish","type":"product","link":"https:\/\/woodmax.ee\/fi\/tuote\/thomas-hanhi\/","title":{"rendered":"Thomas hanhi"},"content":{"rendered":"<ul>\n<li><strong>Koko &#8211; 32&#215;23 cm<\/strong> <strong>&#8211; 250 kappaletta<\/strong> &#8211; keskivaikea, kokoamisaika 2-4 tuntia.<\/li>\n<\/ul>\n<p>Se ei ole vain palapeli &#8211; se on puinen palapeli! T\u00e4m\u00e4 j\u00e4nnitt\u00e4v\u00e4 peli sopii koululaisille ja aikuisille.<\/p>\n<p>Ik\u00e4suositus: 14+.<br \/>\nS\u00e4ilyt\u00e4 kuivassa paikassa. VAROITUS! Pienet osat &#8211; tukehtumisvaara!<\/p>\n","protected":false},"excerpt":{"rendered":"<p>Koko &#8211; 32&#215;23 cm &#8211; 250 kappaletta &#8211; keskivaikea, kokoamisaika 2-4 tuntia. Se ei ole vain palapeli &#8211; se on puinen palapeli! T\u00e4m\u00e4 j\u00e4nnitt\u00e4v\u00e4 peli sopii koululaisille ja aikuisille. Ik\u00e4suositus: 14+. S\u00e4ilyt\u00e4 kuivassa paikassa. VAROITUS! Pienet osat &#8211; tukehtumisvaara!<\/p>\n","protected":false},"featured_media":31648,"template":"","meta":{"_seopress_robots_primary_cat":"none","_seopress_titles_title":"%%post_title%% puinen palapeli (Unidragon)","_seopress_titles_desc":"","_seopress_robots_index":"","_gspb_post_css":""},"product_brand":[],"product_cat":[517,598,599,552],"product_tag":[522,540],"class_list":{"0":"post-31646","1":"product","2":"type-product","3":"status-publish","4":"has-post-thumbnail","6":"product_cat-kaikki-arvoitukset","7":"product_cat-pop-taide","8":"product_cat-symboli-2023","9":"product_cat-unidragon-palapelit","10":"product_tag-201-300-fi","11":"product_tag-kani","13":"first","14":"instock","15":"taxable","16":"shipping-taxable","17":"purchasable","18":"product-type-simple"},"_links":{"self":[{"href":"https:\/\/woodmax.ee\/fi\/wp-json\/wp\/v2\/product\/31646","targetHints":{"allow":["GET"]}}],"collection":[{"href":"https:\/\/woodmax.ee\/fi\/wp-json\/wp\/v2\/product"}],"about":[{"href":"https:\/\/woodmax.ee\/fi\/wp-json\/wp\/v2\/types\/product"}],"wp:featuredmedia":[{"embeddable":true,"href":"https:\/\/woodmax.ee\/fi\/wp-json\/wp\/v2\/media\/31648"}],"wp:attachment":[{"href":"https:\/\/woodmax.ee\/fi\/wp-json\/wp\/v2\/media?parent=31646"}],"wp:term":[{"taxonomy":"product_brand","embeddable":true,"href":"https:\/\/woodmax.ee\/fi\/wp-json\/wp\/v2\/product_brand?post=31646"},{"taxonomy":"product_cat","embeddable":true,"href":"https:\/\/woodmax.ee\/fi\/wp-json\/wp\/v2\/product_cat?post=31646"},{"taxonomy":"product_tag","embeddable":true,"href":"https:\/\/woodmax.ee\/fi\/wp-json\/wp\/v2\/product_tag?post=31646"}],"curies":[{"name":"wp","href":"https:\/\/api.w.org\/{rel}","templated":true}]}}