{"id":31669,"date":"2023-11-23T14:47:50","date_gmt":"2023-11-23T12:47:50","guid":{"rendered":"https:\/\/woodmax.ee\/toode\/unimar-kaamera\/"},"modified":"2025-09-01T13:55:30","modified_gmt":"2025-09-01T11:55:30","slug":"unimar-kamera","status":"publish","type":"product","link":"https:\/\/woodmax.ee\/fi\/tuote\/unimar-kamera\/","title":{"rendered":"Unimar-kamera"},"content":{"rendered":"<ul>\n<li><strong>Koko &#8211; 13,6 x 6,8 x 6,7 cm<\/strong> <strong>&#8211; 105 kpl<\/strong> &#8211; keskivaikea, kokoamisaika 3-5 tuntia.<\/li>\n<\/ul>\n<p>T\u00e4m\u00e4 kiehtova rakentaja sopii koululaisille ja aikuisille. Ik\u00e4suositus: 9+.<br \/>\nS\u00e4ilyt\u00e4 kuivassa paikassa. VAROITUS! Pienet osat &#8211; tukehtumisvaara!<\/p>\n","protected":false},"excerpt":{"rendered":"<p>Koko &#8211; 13,6 x 6,8 x 6,7 cm &#8211; 105 kpl &#8211; keskivaikea, kokoamisaika 3-5 tuntia. T\u00e4m\u00e4 kiehtova rakentaja sopii koululaisille ja aikuisille. Ik\u00e4suositus: 9+. S\u00e4ilyt\u00e4 kuivassa paikassa. VAROITUS! Pienet osat &#8211; tukehtumisvaara!<\/p>\n","protected":false},"featured_media":31679,"template":"","meta":{"_seopress_robots_primary_cat":"none","_seopress_titles_title":"%%post_title%% puinen rakentaja (Unimodels)","_seopress_titles_desc":"","_seopress_robots_index":"","_gspb_post_css":""},"product_brand":[],"product_cat":[517,552,607,521],"product_tag":[554,699,610],"class_list":{"0":"post-31669","1":"product","2":"type-product","3":"status-publish","4":"has-post-thumbnail","6":"product_cat-kaikki-arvoitukset","7":"product_cat-unidragon-palapelit","8":"product_cat-unimodels-fi","9":"product_cat-uusi-pusled","10":"product_tag-101-200-fi","11":"product_tag-kamera","12":"product_tag-rakentaja","14":"first","15":"instock","16":"taxable","17":"shipping-taxable","18":"purchasable","19":"product-type-simple"},"_links":{"self":[{"href":"https:\/\/woodmax.ee\/fi\/wp-json\/wp\/v2\/product\/31669","targetHints":{"allow":["GET"]}}],"collection":[{"href":"https:\/\/woodmax.ee\/fi\/wp-json\/wp\/v2\/product"}],"about":[{"href":"https:\/\/woodmax.ee\/fi\/wp-json\/wp\/v2\/types\/product"}],"wp:featuredmedia":[{"embeddable":true,"href":"https:\/\/woodmax.ee\/fi\/wp-json\/wp\/v2\/media\/31679"}],"wp:attachment":[{"href":"https:\/\/woodmax.ee\/fi\/wp-json\/wp\/v2\/media?parent=31669"}],"wp:term":[{"taxonomy":"product_brand","embeddable":true,"href":"https:\/\/woodmax.ee\/fi\/wp-json\/wp\/v2\/product_brand?post=31669"},{"taxonomy":"product_cat","embeddable":true,"href":"https:\/\/woodmax.ee\/fi\/wp-json\/wp\/v2\/product_cat?post=31669"},{"taxonomy":"product_tag","embeddable":true,"href":"https:\/\/woodmax.ee\/fi\/wp-json\/wp\/v2\/product_tag?post=31669"}],"curies":[{"name":"wp","href":"https:\/\/api.w.org\/{rel}","templated":true}]}}