{"id":31744,"date":"2023-11-23T14:52:34","date_gmt":"2023-11-23T12:52:34","guid":{"rendered":"https:\/\/woodmax.ee\/toode\/seebimull-hamster\/"},"modified":"2025-09-01T10:31:10","modified_gmt":"2025-09-01T08:31:10","slug":"saippuakupla-hamsteri","status":"publish","type":"product","link":"https:\/\/woodmax.ee\/fi\/tuote\/saippuakupla-hamsteri\/","title":{"rendered":"Saippuakupla Hamsteri"},"content":{"rendered":"<p>Merih\u00e4rk\u00e4 Hamsteri<\/p>\n<ul>\n<li><strong>Koko &#8211; 25 x 25 cm<\/strong> <strong>&#8211; 30 kappaletta<\/strong> &#8211; keskitason alapuolella, kokoamisaika 30 minuutista alkaen.<\/li>\n<\/ul>\n<p>Se ei ole vain palapeli &#8211; se on puinen palapeli! T\u00e4m\u00e4 j\u00e4nnitt\u00e4v\u00e4 peli sopii lapsille (3-5-vuotiaat). VAROITUS!<\/p>\n<p>Pienet osat &#8211; tukehtumisvaara. S\u00e4ilyt\u00e4 kuivassa paikassa.<\/p>\n<ul>\n<li>Esittelyss\u00e4 Unidragonin saippuakuplat &#8211; suloisimmat ja hauskimmat lelut pienimmille!<\/li>\n<li>Kuvittele lapsesi ilo, kun h\u00e4n katsoo l\u00e4pin\u00e4kyv\u00e4\u00e4n saippuakuplaan ja l\u00f6yt\u00e4\u00e4 vieh\u00e4tt\u00e4v\u00e4n olennon, jolla on suuret silm\u00e4t, s\u00f6p\u00f6 t\u00f6tter\u00f6 ja leikkis\u00e4t tassut.<\/li>\n<li>Kuusi suloista el\u00e4int\u00e4 on ker\u00e4tt\u00e4viss\u00e4, ja jokainen palapeli on suunniteltu voittamaan nuorten palapelien yst\u00e4vien syd\u00e4met.<\/li>\n<li>30 kirkasta ja vieh\u00e4tt\u00e4v\u00e4\u00e4 luonnonmateriaaleista tehty\u00e4 palapeli\u00e4 ovat paitsi hauskoja my\u00f6s kehitt\u00e4vi\u00e4.<\/li>\n<li>Ne auttavat kehitt\u00e4m\u00e4\u00e4n hienomotoriikkaa, logiikkaa ja tarkkaavaisuutta, joten ne sopivat erinomaisesti 3-5-vuotiaille lapsille.<\/li>\n<li>Niit\u00e4 on helppo pit\u00e4\u00e4 k\u00e4dess\u00e4, ja erikoislakkaus antaa niille kauniin kiillon, mik\u00e4 tekee niist\u00e4 entist\u00e4kin kest\u00e4v\u00e4mpi\u00e4.<\/li>\n<li>Jokainen pala on huolella muotoiltu ja sopii t\u00e4ydellisesti toisiinsa, mik\u00e4 tekee palapelin ratkaisemisesta sujuvaa ja nautinnollista.<\/li>\n<li>Lapsesi ei edes huomaa, miten nopeasti aika kuluu palapeli\u00e4 kootessaan, ja sin\u00e4 olet iloinen n\u00e4hdess\u00e4si, ett\u00e4 h\u00e4nell\u00e4 on hauskaa lelun kanssa, joka on sek\u00e4 stimuloiva ett\u00e4 turvallinen.<\/li>\n<li>\u00c4l\u00e4 missaa t\u00e4t\u00e4 ainutlaatuista palapelisarjaa, joka on hauska, mukaansatempaava ja leikkis\u00e4sti stimuloiva!<\/li>\n<li>Tilaa omasi nyt!<\/li>\n<\/ul>\n","protected":false},"excerpt":{"rendered":"<ul>\n<li>Unidragonin Soap Bubbles -sarja &#8211; suloisimmat ja hauskimmat lelut pienille!<\/li>\n<li>Kuvittele lapsesi ilo, kun h\u00e4n katsoo l\u00e4pin\u00e4kyv\u00e4\u00e4n saippuakuplaan ja l\u00f6yt\u00e4\u00e4 vieh\u00e4tt\u00e4v\u00e4n olennon, jolla on suuret silm\u00e4t, s\u00f6p\u00f6 t\u00f6tter\u00f6 ja leikkis\u00e4t tassut.<\/li>\n<li>Kuusi suloista el\u00e4int\u00e4 on ker\u00e4tt\u00e4viss\u00e4, ja jokainen palapeli on suunniteltu voittamaan nuorten palapelien yst\u00e4vien syd\u00e4met.<\/li>\n<\/ul>\n","protected":false},"featured_media":31755,"template":"","meta":{"_seopress_robots_primary_cat":"none","_seopress_titles_title":"%%post_title%% puinen palapeli (Unidragon)","_seopress_titles_desc":"Unidragonin Soap Bubbles -sarja - suloisimmat ja hauskimmat lelut pienille! Luonnonmateriaaleista valmistettu valoisa ja vieh\u00e4tt\u00e4v\u00e4 nippu.","_seopress_robots_index":"","_gspb_post_css":""},"product_brand":[],"product_cat":[606,517,609,612,528,552],"product_tag":[530,701,614],"class_list":{"0":"post-31744","1":"product","2":"type-product","3":"status-publish","4":"has-post-thumbnail","6":"product_cat-bubblezz","7":"product_cat-kaikki-arvoitukset","8":"product_cat-lapsille","9":"product_cat-lapsille-3a","10":"product_cat-puiset-pusled-lapsille","11":"product_cat-unidragon-palapelit","12":"product_tag-1-100-fi","13":"product_tag-hamsteri","14":"product_tag-merikupla","16":"first","17":"instock","18":"taxable","19":"shipping-taxable","20":"purchasable","21":"product-type-simple"},"_links":{"self":[{"href":"https:\/\/woodmax.ee\/fi\/wp-json\/wp\/v2\/product\/31744","targetHints":{"allow":["GET"]}}],"collection":[{"href":"https:\/\/woodmax.ee\/fi\/wp-json\/wp\/v2\/product"}],"about":[{"href":"https:\/\/woodmax.ee\/fi\/wp-json\/wp\/v2\/types\/product"}],"wp:featuredmedia":[{"embeddable":true,"href":"https:\/\/woodmax.ee\/fi\/wp-json\/wp\/v2\/media\/31755"}],"wp:attachment":[{"href":"https:\/\/woodmax.ee\/fi\/wp-json\/wp\/v2\/media?parent=31744"}],"wp:term":[{"taxonomy":"product_brand","embeddable":true,"href":"https:\/\/woodmax.ee\/fi\/wp-json\/wp\/v2\/product_brand?post=31744"},{"taxonomy":"product_cat","embeddable":true,"href":"https:\/\/woodmax.ee\/fi\/wp-json\/wp\/v2\/product_cat?post=31744"},{"taxonomy":"product_tag","embeddable":true,"href":"https:\/\/woodmax.ee\/fi\/wp-json\/wp\/v2\/product_tag?post=31744"}],"curies":[{"name":"wp","href":"https:\/\/api.w.org\/{rel}","templated":true}]}}