{"id":31791,"date":"2023-11-23T15:01:37","date_gmt":"2023-11-23T13:01:37","guid":{"rendered":"https:\/\/woodmax.ee\/toode\/seebimull-kutsikas\/"},"modified":"2025-09-01T10:14:31","modified_gmt":"2025-09-01T08:14:31","slug":"saippuakupla-pentu","status":"publish","type":"product","link":"https:\/\/woodmax.ee\/fi\/tuote\/saippuakupla-pentu\/","title":{"rendered":"Saippuakupla Pentu"},"content":{"rendered":"<ul>\n<li><strong>Koko &#8211; 25 x 25 cm<\/strong> <strong>&#8211; 30 kappaletta<\/strong> &#8211; keskitason alapuolella, kokoamisaika 30 minuutista alkaen.<\/li>\n<\/ul>\n<p>Se ei ole vain palapeli &#8211; se on puinen palapeli! T\u00e4m\u00e4 j\u00e4nnitt\u00e4v\u00e4 peli sopii lapsille (3-5-vuotiaat). VAROITUS!<\/p>\n<p>Pienet osat &#8211; tukehtumisvaara. S\u00e4ilyt\u00e4 kuivassa paikassa.<\/p>\n","protected":false},"excerpt":{"rendered":"<p>Koko &#8211; 25 x 25 cm &#8211; 30 kappaletta &#8211; keskitason alapuolella, kokoamisaika 30 minuutista alkaen. Se ei ole vain palapeli &#8211; se on puinen palapeli! T\u00e4m\u00e4 j\u00e4nnitt\u00e4v\u00e4 peli sopii lapsille (3-5-vuotiaat). VAROITUS! Pienet osat &#8211; tukehtumisvaara. S\u00e4ilyt\u00e4 kuivassa paikassa.<\/p>\n","protected":false},"featured_media":31793,"template":"","meta":{"_seopress_robots_primary_cat":"none","_seopress_titles_title":"%%post_title%% puinen palapeli (Unidragon)","_seopress_titles_desc":"","_seopress_robots_index":"","_gspb_post_css":""},"product_brand":[],"product_cat":[606,517,609,612,528,552],"product_tag":[530,592,614,703],"class_list":{"0":"post-31791","1":"product","2":"type-product","3":"status-publish","4":"has-post-thumbnail","6":"product_cat-bubblezz","7":"product_cat-kaikki-arvoitukset","8":"product_cat-lapsille","9":"product_cat-lapsille-3a","10":"product_cat-puiset-pusled-lapsille","11":"product_cat-unidragon-palapelit","12":"product_tag-1-100-fi","13":"product_tag-koira","14":"product_tag-merikupla","15":"product_tag-pentu","17":"first","18":"outofstock","19":"taxable","20":"shipping-taxable","21":"purchasable","22":"product-type-simple"},"_links":{"self":[{"href":"https:\/\/woodmax.ee\/fi\/wp-json\/wp\/v2\/product\/31791","targetHints":{"allow":["GET"]}}],"collection":[{"href":"https:\/\/woodmax.ee\/fi\/wp-json\/wp\/v2\/product"}],"about":[{"href":"https:\/\/woodmax.ee\/fi\/wp-json\/wp\/v2\/types\/product"}],"wp:featuredmedia":[{"embeddable":true,"href":"https:\/\/woodmax.ee\/fi\/wp-json\/wp\/v2\/media\/31793"}],"wp:attachment":[{"href":"https:\/\/woodmax.ee\/fi\/wp-json\/wp\/v2\/media?parent=31791"}],"wp:term":[{"taxonomy":"product_brand","embeddable":true,"href":"https:\/\/woodmax.ee\/fi\/wp-json\/wp\/v2\/product_brand?post=31791"},{"taxonomy":"product_cat","embeddable":true,"href":"https:\/\/woodmax.ee\/fi\/wp-json\/wp\/v2\/product_cat?post=31791"},{"taxonomy":"product_tag","embeddable":true,"href":"https:\/\/woodmax.ee\/fi\/wp-json\/wp\/v2\/product_tag?post=31791"}],"curies":[{"name":"wp","href":"https:\/\/api.w.org\/{rel}","templated":true}]}}