{"id":31912,"date":"2023-11-23T15:05:34","date_gmt":"2023-11-23T13:05:34","guid":{"rendered":"https:\/\/woodmax.ee\/toode\/teravussugavus\/"},"modified":"2025-09-01T09:05:20","modified_gmt":"2025-09-01T07:05:20","slug":"syvateravyys","status":"publish","type":"product","link":"https:\/\/woodmax.ee\/fi\/tuote\/syvateravyys\/","title":{"rendered":"Syv\u00e4ter\u00e4vyys"},"content":{"rendered":"<ul>\n<li><strong>Koko &#8211; 21,7 x 21,7 cm<\/strong> <strong>&#8211; 100 kappaletta<\/strong> &#8211; keskivaikea, kokoamisaika 1-2 tuntia.<\/li>\n<\/ul>\n<p>Se ei ole vain palapeli &#8211; se on puinen palapeli! T\u00e4m\u00e4 j\u00e4nnitt\u00e4v\u00e4 peli sopii koululaisille ja aikuisille.<\/p>\n<p>Ik\u00e4suositus: 14+.<br \/>\nS\u00e4ilyt\u00e4 kuivassa paikassa. VAROITUS! Pienet osat &#8211; tukehtumisvaara!<\/p>\n","protected":false},"excerpt":{"rendered":"<p>Koko &#8211; 21,7 x 21,7 cm &#8211; 100 kappaletta &#8211; keskivaikea, kokoamisaika 1-2 tuntia. Se ei ole vain palapeli &#8211; se on puinen palapeli! T\u00e4m\u00e4 j\u00e4nnitt\u00e4v\u00e4 peli sopii koululaisille ja aikuisille. Ik\u00e4suositus: 14+. S\u00e4ilyt\u00e4 kuivassa paikassa. VAROITUS! Pienet osat &#8211; tukehtumisvaara!<\/p>\n","protected":false},"featured_media":31914,"template":"","meta":{"_seopress_robots_primary_cat":"none","_seopress_titles_title":"%%post_title%% puinen palapeli (Unidragon)","_seopress_titles_desc":"","_seopress_robots_index":"","_gspb_post_css":""},"product_brand":[],"product_cat":[704,552],"product_tag":[530],"class_list":{"0":"post-31912","1":"product","2":"type-product","3":"status-publish","4":"has-post-thumbnail","6":"product_cat-abstraktio","7":"product_cat-unidragon-palapelit","8":"product_tag-1-100-fi","10":"first","11":"instock","12":"taxable","13":"shipping-taxable","14":"purchasable","15":"product-type-simple"},"_links":{"self":[{"href":"https:\/\/woodmax.ee\/fi\/wp-json\/wp\/v2\/product\/31912","targetHints":{"allow":["GET"]}}],"collection":[{"href":"https:\/\/woodmax.ee\/fi\/wp-json\/wp\/v2\/product"}],"about":[{"href":"https:\/\/woodmax.ee\/fi\/wp-json\/wp\/v2\/types\/product"}],"wp:featuredmedia":[{"embeddable":true,"href":"https:\/\/woodmax.ee\/fi\/wp-json\/wp\/v2\/media\/31914"}],"wp:attachment":[{"href":"https:\/\/woodmax.ee\/fi\/wp-json\/wp\/v2\/media?parent=31912"}],"wp:term":[{"taxonomy":"product_brand","embeddable":true,"href":"https:\/\/woodmax.ee\/fi\/wp-json\/wp\/v2\/product_brand?post=31912"},{"taxonomy":"product_cat","embeddable":true,"href":"https:\/\/woodmax.ee\/fi\/wp-json\/wp\/v2\/product_cat?post=31912"},{"taxonomy":"product_tag","embeddable":true,"href":"https:\/\/woodmax.ee\/fi\/wp-json\/wp\/v2\/product_tag?post=31912"}],"curies":[{"name":"wp","href":"https:\/\/api.w.org\/{rel}","templated":true}]}}