{"id":32048,"date":"2023-11-23T15:24:24","date_gmt":"2023-11-23T13:24:24","guid":{"rendered":"https:\/\/woodmax.ee\/toode\/maagiline-metsa-lumekera\/"},"modified":"2025-09-02T23:21:14","modified_gmt":"2025-09-02T21:21:14","slug":"maaginen-metsan-lumipallo","status":"publish","type":"product","link":"https:\/\/woodmax.ee\/fi\/tuote\/maaginen-metsan-lumipallo\/","title":{"rendered":"Maaginen mets\u00e4n lumipallo"},"content":{"rendered":"<ul>\n<li><strong>Yksi koko &#8211; 250&#215;175 mm<\/strong> &#8211; 140 kpl &#8211; Ik\u00e4suositus: 6+ vuotta.<\/li>\n<\/ul>\n<p>VAROITUS! Pienet osat &#8211; tukehtumisvaara! S\u00e4ilyt\u00e4 kuivassa paikassa.<\/p>\n","protected":false},"excerpt":{"rendered":"<p>Yksi koko &#8211; 250&#215;175 mm &#8211; 140 kpl &#8211; Ik\u00e4suositus: 6+ vuotta. VAROITUS! Pienet osat &#8211; tukehtumisvaara! S\u00e4ilyt\u00e4 kuivassa paikassa.<\/p>\n","protected":false},"featured_media":32057,"template":"","meta":{"_seopress_robots_primary_cat":"none","_seopress_titles_title":"%%post_title%% puinen palapeli (Wentworth)","_seopress_titles_desc":"","_seopress_robots_index":"","_gspb_post_css":""},"product_brand":[],"product_cat":[520,619,618,517,528,519],"product_tag":[554,635,540,523,706,551,639],"class_list":{"0":"post-32048","1":"product","2":"type-product","3":"status-publish","4":"has-post-thumbnail","6":"product_cat-wentworthin-elaimet","7":"product_cat-joulu","8":"product_cat-jouluiset-puiset-palapelit","9":"product_cat-kaikki-arvoitukset","10":"product_cat-puiset-pusled-lapsille","11":"product_cat-wentworth-palapelit","12":"product_tag-101-200-fi","13":"product_tag-joulukuusi","14":"product_tag-kani","15":"product_tag-kettu","16":"product_tag-metsastajat","17":"product_tag-pollo","18":"product_tag-villielaimet","20":"first","21":"instock","22":"taxable","23":"shipping-taxable","24":"purchasable","25":"product-type-simple"},"_links":{"self":[{"href":"https:\/\/woodmax.ee\/fi\/wp-json\/wp\/v2\/product\/32048","targetHints":{"allow":["GET"]}}],"collection":[{"href":"https:\/\/woodmax.ee\/fi\/wp-json\/wp\/v2\/product"}],"about":[{"href":"https:\/\/woodmax.ee\/fi\/wp-json\/wp\/v2\/types\/product"}],"wp:featuredmedia":[{"embeddable":true,"href":"https:\/\/woodmax.ee\/fi\/wp-json\/wp\/v2\/media\/32057"}],"wp:attachment":[{"href":"https:\/\/woodmax.ee\/fi\/wp-json\/wp\/v2\/media?parent=32048"}],"wp:term":[{"taxonomy":"product_brand","embeddable":true,"href":"https:\/\/woodmax.ee\/fi\/wp-json\/wp\/v2\/product_brand?post=32048"},{"taxonomy":"product_cat","embeddable":true,"href":"https:\/\/woodmax.ee\/fi\/wp-json\/wp\/v2\/product_cat?post=32048"},{"taxonomy":"product_tag","embeddable":true,"href":"https:\/\/woodmax.ee\/fi\/wp-json\/wp\/v2\/product_tag?post=32048"}],"curies":[{"name":"wp","href":"https:\/\/api.w.org\/{rel}","templated":true}]}}