{"id":32073,"date":"2023-11-23T15:34:27","date_gmt":"2023-11-23T13:34:27","guid":{"rendered":"https:\/\/woodmax.ee\/toode\/sobrad\/"},"modified":"2025-09-02T23:08:37","modified_gmt":"2025-09-02T21:08:37","slug":"kasa-ystavia","status":"publish","type":"product","link":"https:\/\/woodmax.ee\/fi\/tuote\/kasa-ystavia\/","title":{"rendered":"Kasa yst\u00e4vi\u00e4"},"content":{"rendered":"<ul>\n<li><strong>Yksi koko &#8211; 125&#215;87 mm<\/strong> &#8211; 20 kpl &#8211; Ik\u00e4suositus: 6+ vuotta.<\/li>\n<\/ul>\n<p>VAROITUS! Pienet osat &#8211; tukehtumisvaara! S\u00e4ilyt\u00e4 kuivassa paikassa.<\/p>\n","protected":false},"excerpt":{"rendered":"<p>Yksi koko &#8211; 125&#215;87 mm &#8211; 20 kpl &#8211; Ik\u00e4suositus: 6+ vuotta. VAROITUS! Pienet osat &#8211; tukehtumisvaara! S\u00e4ilyt\u00e4 kuivassa paikassa.<\/p>\n","protected":false},"featured_media":32083,"template":"","meta":{"_seopress_robots_primary_cat":"none","_seopress_titles_title":"%%post_title%% puinen palapeli (Wentworth)","_seopress_titles_desc":"","_seopress_robots_index":"","_gspb_post_css":""},"product_brand":[],"product_cat":[520,619,618,517,562,528,620,519],"product_tag":[530,653,628,523,648,625,708,605,590,551,624],"class_list":{"0":"post-32073","1":"product","2":"type-product","3":"status-publish","4":"has-post-thumbnail","6":"product_cat-wentworthin-elaimet","7":"product_cat-joulu","8":"product_cat-jouluiset-puiset-palapelit","9":"product_cat-kaikki-arvoitukset","10":"product_cat-mini-fi","11":"product_cat-puiset-pusled-lapsille","12":"product_cat-uudenvuoden-myynti","13":"product_cat-wentworth-palapelit","14":"product_tag-1-100-fi","15":"product_tag-caru","16":"product_tag-joululahjat","17":"product_tag-kettu","18":"product_tag-lahjat","19":"product_tag-lumi-fi","20":"product_tag-orav-fi","21":"product_tag-pesukarhu","22":"product_tag-peura","23":"product_tag-pollo","24":"product_tag-talvi","26":"first","27":"instock","28":"sale","29":"taxable","30":"shipping-taxable","31":"purchasable","32":"product-type-simple"},"_links":{"self":[{"href":"https:\/\/woodmax.ee\/fi\/wp-json\/wp\/v2\/product\/32073","targetHints":{"allow":["GET"]}}],"collection":[{"href":"https:\/\/woodmax.ee\/fi\/wp-json\/wp\/v2\/product"}],"about":[{"href":"https:\/\/woodmax.ee\/fi\/wp-json\/wp\/v2\/types\/product"}],"wp:featuredmedia":[{"embeddable":true,"href":"https:\/\/woodmax.ee\/fi\/wp-json\/wp\/v2\/media\/32083"}],"wp:attachment":[{"href":"https:\/\/woodmax.ee\/fi\/wp-json\/wp\/v2\/media?parent=32073"}],"wp:term":[{"taxonomy":"product_brand","embeddable":true,"href":"https:\/\/woodmax.ee\/fi\/wp-json\/wp\/v2\/product_brand?post=32073"},{"taxonomy":"product_cat","embeddable":true,"href":"https:\/\/woodmax.ee\/fi\/wp-json\/wp\/v2\/product_cat?post=32073"},{"taxonomy":"product_tag","embeddable":true,"href":"https:\/\/woodmax.ee\/fi\/wp-json\/wp\/v2\/product_tag?post=32073"}],"curies":[{"name":"wp","href":"https:\/\/api.w.org\/{rel}","templated":true}]}}