{"id":32122,"date":"2023-11-23T15:34:27","date_gmt":"2023-11-23T13:34:27","guid":{"rendered":"https:\/\/woodmax.ee\/toode\/pahklipureja-2\/"},"modified":"2025-09-02T23:10:33","modified_gmt":"2025-09-02T21:10:33","slug":"pahkinansarkija-sotilas","status":"publish","type":"product","link":"https:\/\/woodmax.ee\/fi\/tuote\/pahkinansarkija-sotilas\/","title":{"rendered":"P\u00e4hkin\u00e4ns\u00e4rkij\u00e4-sotilas"},"content":{"rendered":"<ul>\n<li><strong>Yksi koko &#8211; 125&#215;87 mm<\/strong> &#8211; 32 kpl &#8211; Ik\u00e4suositus: 6+ vuotta.<\/li>\n<\/ul>\n<p>VAROITUS! Pienet osat &#8211; tukehtumisvaara! S\u00e4ilyt\u00e4 kuivassa paikassa.<\/p>\n","protected":false},"excerpt":{"rendered":"<p>Yksi koko &#8211; 125&#215;87 mm &#8211; 32 kpl &#8211; Ik\u00e4suositus: 6+ vuotta. VAROITUS! Pienet osat &#8211; tukehtumisvaara! S\u00e4ilyt\u00e4 kuivassa paikassa.<\/p>\n","protected":false},"featured_media":32131,"template":"","meta":{"_seopress_robots_primary_cat":"none","_seopress_titles_title":"%%post_title%% puinen palapeli (Wentworth)","_seopress_titles_desc":"","_seopress_robots_index":"","_gspb_post_css":""},"product_brand":[],"product_cat":[619,618,517,562,528,620,519],"product_tag":[530],"class_list":{"0":"post-32122","1":"product","2":"type-product","3":"status-publish","4":"has-post-thumbnail","6":"product_cat-joulu","7":"product_cat-jouluiset-puiset-palapelit","8":"product_cat-kaikki-arvoitukset","9":"product_cat-mini-fi","10":"product_cat-puiset-pusled-lapsille","11":"product_cat-uudenvuoden-myynti","12":"product_cat-wentworth-palapelit","13":"product_tag-1-100-fi","15":"first","16":"instock","17":"sale","18":"taxable","19":"shipping-taxable","20":"purchasable","21":"product-type-simple"},"_links":{"self":[{"href":"https:\/\/woodmax.ee\/fi\/wp-json\/wp\/v2\/product\/32122","targetHints":{"allow":["GET"]}}],"collection":[{"href":"https:\/\/woodmax.ee\/fi\/wp-json\/wp\/v2\/product"}],"about":[{"href":"https:\/\/woodmax.ee\/fi\/wp-json\/wp\/v2\/types\/product"}],"wp:featuredmedia":[{"embeddable":true,"href":"https:\/\/woodmax.ee\/fi\/wp-json\/wp\/v2\/media\/32131"}],"wp:attachment":[{"href":"https:\/\/woodmax.ee\/fi\/wp-json\/wp\/v2\/media?parent=32122"}],"wp:term":[{"taxonomy":"product_brand","embeddable":true,"href":"https:\/\/woodmax.ee\/fi\/wp-json\/wp\/v2\/product_brand?post=32122"},{"taxonomy":"product_cat","embeddable":true,"href":"https:\/\/woodmax.ee\/fi\/wp-json\/wp\/v2\/product_cat?post=32122"},{"taxonomy":"product_tag","embeddable":true,"href":"https:\/\/woodmax.ee\/fi\/wp-json\/wp\/v2\/product_tag?post=32122"}],"curies":[{"name":"wp","href":"https:\/\/api.w.org\/{rel}","templated":true}]}}