{"id":32135,"date":"2023-11-23T15:35:00","date_gmt":"2023-11-23T13:35:00","guid":{"rendered":"https:\/\/woodmax.ee\/toode\/lemmikloomade-selfi\/"},"modified":"2025-09-02T23:07:46","modified_gmt":"2025-09-02T21:07:46","slug":"lemmikki-selfie","status":"publish","type":"product","link":"https:\/\/woodmax.ee\/fi\/tuote\/lemmikki-selfie\/","title":{"rendered":"Lemmikki-selfie"},"content":{"rendered":"<ul>\n<li><strong>Koko Small (S) &#8211; 12.5&#215;8.7 cm<\/strong> &#8211; 40 kappaletta &#8211; Ik\u00e4suositus: 6+<\/li>\n<li><strong>Koko Medium (M) &#8211; 36&#215;25 cm<\/strong> &#8211; 250 kpl &#8211; Ik\u00e4suositus: 14+ vuotta.<\/li>\n<li><strong>Koko Large (L) &#8211; 51&#215;36 cm<\/strong> &#8211; 500 kpl &#8211; Ik\u00e4suositus: 14+.<\/li>\n<\/ul>\n<p>VAROITUS! Pienet osat &#8211; tukehtumisvaara! S\u00e4ilyt\u00e4 kuivassa paikassa.<\/p>\n<ul>\n<li><span style=\"font-weight: 400;\">Lemmikkiselfie on t\u00e4ydellinen pehmolahja el\u00e4inten yst\u00e4v\u00e4lle! <\/span><\/li>\n<li><span style=\"font-weight: 400;\">T\u00e4m\u00e4 vilkas ja mukaansatempaava kuvitus, jossa erilaiset karvaiset ja v\u00e4hemm\u00e4n karvaiset yst\u00e4v\u00e4t tekev\u00e4t hassuja naamoja, on loistava palapelikuva kaikenik\u00e4isille. <\/span><\/li>\n<li><span style=\"font-weight: 400;\">Laadukas, Yhdistyneess\u00e4 kuningaskunnassa valmistettu puupalapeli viihdytt\u00e4\u00e4 sinua tuntikausia. <\/span><\/li>\n<li><span style=\"font-weight: 400;\">Temaattiset ja erityisesti suunnitellut leikkis\u00e4t palat tekev\u00e4t t\u00e4st\u00e4 kauniista palapelist\u00e4 todellisen herkun.<\/span><\/li>\n<\/ul>\n","protected":false},"excerpt":{"rendered":"<p>Koko Small (S) &#8211; 12.5&#215;8.7 cm &#8211; 40 kappaletta &#8211; Ik\u00e4suositus: 6+ Koko Medium (M) &#8211; 36&#215;25 cm &#8211; 250 kpl &#8211; Ik\u00e4suositus: 14+ vuotta. Koko Large (L) &#8211; 51&#215;36 cm &#8211; 500 kpl &#8211; Ik\u00e4suositus: 14+. VAROITUS! Pienet osat &#8211; tukehtumisvaara! S\u00e4ilyt\u00e4 kuivassa paikassa. Lemmikkiselfie on t\u00e4ydellinen pehmolahja el\u00e4inten yst\u00e4v\u00e4lle! T\u00e4m\u00e4 vilkas ja mukaansatempaava [&hellip;]<\/p>\n","protected":false},"featured_media":32137,"template":"","meta":{"_seopress_robots_primary_cat":"none","_seopress_titles_title":"%%post_title%% puinen palapeli (Wentworth)","_seopress_titles_desc":"","_seopress_robots_index":"","_gspb_post_css":""},"product_brand":[],"product_cat":[520,517,621,620,519],"product_tag":[530,522,566,545,586,694,701,637,592,710,575],"class_list":{"0":"post-32135","1":"product","2":"type-product","3":"status-publish","4":"has-post-thumbnail","6":"product_cat-wentworthin-elaimet","7":"product_cat-kaikki-arvoitukset","8":"product_cat-suosittu","9":"product_cat-uudenvuoden-myynti","10":"product_cat-wentworth-palapelit","11":"product_tag-1-100-fi","12":"product_tag-201-300-fi","13":"product_tag-401-500-fi","14":"product_tag-cat","15":"product_tag-con","16":"product_tag-elaimet","17":"product_tag-hamsteri","18":"product_tag-kani-fi","19":"product_tag-koira","20":"product_tag-merisiga-fi","21":"product_tag-papukaija","23":"first","24":"instock","25":"taxable","26":"shipping-taxable","27":"purchasable","28":"product-type-variable"},"_links":{"self":[{"href":"https:\/\/woodmax.ee\/fi\/wp-json\/wp\/v2\/product\/32135","targetHints":{"allow":["GET"]}}],"collection":[{"href":"https:\/\/woodmax.ee\/fi\/wp-json\/wp\/v2\/product"}],"about":[{"href":"https:\/\/woodmax.ee\/fi\/wp-json\/wp\/v2\/types\/product"}],"wp:featuredmedia":[{"embeddable":true,"href":"https:\/\/woodmax.ee\/fi\/wp-json\/wp\/v2\/media\/32137"}],"wp:attachment":[{"href":"https:\/\/woodmax.ee\/fi\/wp-json\/wp\/v2\/media?parent=32135"}],"wp:term":[{"taxonomy":"product_brand","embeddable":true,"href":"https:\/\/woodmax.ee\/fi\/wp-json\/wp\/v2\/product_brand?post=32135"},{"taxonomy":"product_cat","embeddable":true,"href":"https:\/\/woodmax.ee\/fi\/wp-json\/wp\/v2\/product_cat?post=32135"},{"taxonomy":"product_tag","embeddable":true,"href":"https:\/\/woodmax.ee\/fi\/wp-json\/wp\/v2\/product_tag?post=32135"}],"curies":[{"name":"wp","href":"https:\/\/api.w.org\/{rel}","templated":true}]}}