{"id":32171,"date":"2023-11-23T15:37:47","date_gmt":"2023-11-23T13:37:47","guid":{"rendered":"https:\/\/woodmax.ee\/toode\/elevandi-savann\/"},"modified":"2025-09-02T23:03:38","modified_gmt":"2025-09-02T21:03:38","slug":"norsusavanni","status":"publish","type":"product","link":"https:\/\/woodmax.ee\/fi\/tuote\/norsusavanni\/","title":{"rendered":"Norsusavanni"},"content":{"rendered":"<ul>\n<li><strong>Koko Small &#8211; 34 x 24,4 cm<\/strong> &#8211; 100 kpl &#8211; Ik\u00e4suositus: 6+ vuotta.<\/li>\n<li><strong>Koko Medium &#8211; 34 x 24,4 cm<\/strong> &#8211; 250 kpl &#8211; Ik\u00e4suositus: 14+.<\/li>\n<\/ul>\n<p>VAROITUS! Pienet osat &#8211; tukehtumisvaara! S\u00e4ilyt\u00e4 kuivassa paikassa.<\/p>\n","protected":false},"excerpt":{"rendered":"<p>Koko Small &#8211; 34 x 24,4 cm &#8211; 100 kpl &#8211; Ik\u00e4suositus: 6+ vuotta. Koko Medium &#8211; 34 x 24,4 cm &#8211; 250 kpl &#8211; Ik\u00e4suositus: 14+. VAROITUS! Pienet osat &#8211; tukehtumisvaara! S\u00e4ilyt\u00e4 kuivassa paikassa.<\/p>\n","protected":false},"featured_media":32173,"template":"","meta":{"_seopress_robots_primary_cat":"none","_seopress_titles_title":"%%post_title%% puinen palapeli (Wentworth)","_seopress_titles_desc":"","_seopress_robots_index":"","_gspb_post_css":""},"product_brand":[],"product_cat":[520,517,519],"product_tag":[530,522,711,544,524,713,712],"class_list":{"0":"post-32171","1":"product","2":"type-product","3":"status-publish","4":"has-post-thumbnail","6":"product_cat-wentworthin-elaimet","7":"product_cat-kaikki-arvoitukset","8":"product_cat-wentworth-palapelit","9":"product_tag-1-100-fi","10":"product_tag-201-300-fi","11":"product_tag-kirahvi","12":"product_tag-leijona","13":"product_tag-norsu","14":"product_tag-savann-fi","15":"product_tag-sebra-fi","17":"first","18":"instock","19":"taxable","20":"shipping-taxable","21":"purchasable","22":"product-type-variable"},"_links":{"self":[{"href":"https:\/\/woodmax.ee\/fi\/wp-json\/wp\/v2\/product\/32171","targetHints":{"allow":["GET"]}}],"collection":[{"href":"https:\/\/woodmax.ee\/fi\/wp-json\/wp\/v2\/product"}],"about":[{"href":"https:\/\/woodmax.ee\/fi\/wp-json\/wp\/v2\/types\/product"}],"wp:featuredmedia":[{"embeddable":true,"href":"https:\/\/woodmax.ee\/fi\/wp-json\/wp\/v2\/media\/32173"}],"wp:attachment":[{"href":"https:\/\/woodmax.ee\/fi\/wp-json\/wp\/v2\/media?parent=32171"}],"wp:term":[{"taxonomy":"product_brand","embeddable":true,"href":"https:\/\/woodmax.ee\/fi\/wp-json\/wp\/v2\/product_brand?post=32171"},{"taxonomy":"product_cat","embeddable":true,"href":"https:\/\/woodmax.ee\/fi\/wp-json\/wp\/v2\/product_cat?post=32171"},{"taxonomy":"product_tag","embeddable":true,"href":"https:\/\/woodmax.ee\/fi\/wp-json\/wp\/v2\/product_tag?post=32171"}],"curies":[{"name":"wp","href":"https:\/\/api.w.org\/{rel}","templated":true}]}}